{"id":887,"date":"2013-12-18T16:39:52","date_gmt":"2013-12-18T16:39:52","guid":{"rendered":"http:\/\/delucine.com\/un-autre-monde\/?page_id=887"},"modified":"2020-11-19T12:42:21","modified_gmt":"2020-11-19T12:42:21","slug":"mentions-legales","status":"publish","type":"page","link":"https:\/\/delucine.com\/un-autre-monde\/mentions-legales\/","title":{"rendered":"Mentions l\u00e9gales"},"content":{"rendered":"<p>RESPONSABLE DE LA PUBLICATION : Karl Gillebert.<\/p>\n<p>Contact : Karl Gillebert<br \/>\nSomme-Leuze (Marche-en-Famenne) \/ Belgique<\/p>\n<p>GSM Belgique : 0498 76 40 90<br \/>\nT\u00e9l\u00e9phone France : 06 22 05 80 91<br \/>\nMail : <a href=\"mailto:contact@delucine.com\">contact@delucine.com<br \/>\n<\/a><br \/>\nSite r\u00e9alis\u00e9\u00a0: Karl Gillebert : son portfolio :\u00a0<a href=\"http:\/\/www.karlxena.com\/\" target=\"_blank\" rel=\"noopener noreferrer\">www.karlxena.com<br \/>\n<\/a>Coordonn\u00e9es de l&#8217;h\u00e9bergeur\u00a0:\u00a0OVH &#8211; 140 Quai du Sartel &#8211; 59100 Roubaix<\/p>\n<p style=\"text-align: justify;\">Toutes les photographies pr\u00e9sent\u00e9es sur ce site et le site en lui-m\u00eame sont prot\u00e9g\u00e9es par le droit d\u2019auteur et\/ou tout autre droit de la propri\u00e9t\u00e9 intellectuelle et sont la propri\u00e9t\u00e9 de Karl Gillebert.<\/p>\n<p style=\"text-align: justify;\">Toute autre reproduction, modification, copie, distribution ou utilisation \u00e0 des fins commerciales de tout ou partie du contenu, sans l\u2019autorisation \u00e9crite de Karl Gillebert, est strictement interdite.<\/p>\n<h3 style=\"color: #000000;\"><strong>Droits de propri\u00e9t\u00e9s intellectuelles :<\/strong><\/h3>\n<p style=\"text-align: justify;\"><span style=\"color: #000000;\">Tous les \u00e9l\u00e9ments pr\u00e9sents sur le site et le site en lui-m\u00eame sont prot\u00e9g\u00e9s par le droit d\u2019auteur, droit des marques, des dessins et mod\u00e8les et\/ou tout autre droit de la propri\u00e9t\u00e9 intellectuelle.<br \/>\nPar \u00e9l\u00e9ments, nous entendons de fa\u00e7on non exhaustive : les photographies, images, dessins, illustrations, textes, vid\u00e9os, logos, marques, mod\u00e8les, logiciels\u2026<\/span><br style=\"color: #000000;\" \/><br style=\"color: #000000;\" \/><span style=\"color: #000000;\">A ce titre, toute reproduction, repr\u00e9sentation, utilisation, adaptation, modification, incorporation, traduction, commercialisation, partielles ou int\u00e9grales par quelque proc\u00e9d\u00e9 et sur quelque support que ce soit (papier, num\u00e9rique\u2026) sont interdites, sans l\u2019autorisation \u00e9crite pr\u00e9alable de Karl Gillebert, hormis les exceptions vis\u00e9es \u00e0 l\u2019article L 122.5 du Code de Propri\u00e9t\u00e9 Intellectuelle, sous peine de constituer un d\u00e9lit de contrefa\u00e7on de droit d\u2019auteur et\/ou de dessins et mod\u00e8les et\/ou de marque, puni de deux ans d\u2019emprisonnement et de 152 449,02\u20ac d\u2019amende.<\/span><\/p>\n<h3 style=\"color: #000000;\"><strong>Droits sur l&#8217;oeuvre :<\/strong><\/h3>\n<p style=\"text-align: justify;\"><span style=\"color: #000000;\">L&#8217;artiste, pour avoir pris l&#8217;initiative de sa cr\u00e9ation, reste titulaire des droits d&#8217;auteur sur sa cr\u00e9ation, au sens de la loi fran\u00e7aise. Les droits de repr\u00e9sentation et de reproduction des \u0153uvres pr\u00e9sentes sur le site delucine.com appartiennent \u00e0 son auteur : Karl Gillebert.<br \/>\nLeur autorisation conjointe est n\u00e9cessaire pour toute exploitation de ces droits. Vos droits sur l&#8217;\u0153uvre achet\u00e9e sont donc limit\u00e9s \u00e0 un droit d&#8217;usage priv\u00e9, excluant tout droit de repr\u00e9sentation et de reproduction.<\/span><\/p>\n","protected":false},"excerpt":{"rendered":"<p>RESPONSABLE DE LA PUBLICATION : Karl Gillebert. Contact : Karl Gillebert Somme-Leuze (Marche-en-Famenne) \/ Belgique GSM Belgique : 0498 76 40 90 T\u00e9l\u00e9phone France : 06 22 05 80 91 Mail : contact@delucine.com Site r\u00e9alis\u00e9\u00a0: Karl Gillebert : son portfolio :\u00a0www.karlxena.com Coordonn\u00e9es de l&#8217;h\u00e9bergeur\u00a0:\u00a0OVH &#8211; 140 Quai du Sartel &#8211; 59100 Roubaix Toutes les photographies [&hellip;]<\/p>\n","protected":false},"author":1,"featured_media":0,"parent":0,"menu_order":66,"comment_status":"open","ping_status":"closed","template":"","meta":{"footnotes":""},"class_list":["post-887","page","type-page","status-publish","hentry"],"jetpack_sharing_enabled":true,"_links":{"self":[{"href":"https:\/\/delucine.com\/un-autre-monde\/wp-json\/wp\/v2\/pages\/887","targetHints":{"allow":["GET"]}}],"collection":[{"href":"https:\/\/delucine.com\/un-autre-monde\/wp-json\/wp\/v2\/pages"}],"about":[{"href":"https:\/\/delucine.com\/un-autre-monde\/wp-json\/wp\/v2\/types\/page"}],"author":[{"embeddable":true,"href":"https:\/\/delucine.com\/un-autre-monde\/wp-json\/wp\/v2\/users\/1"}],"replies":[{"embeddable":true,"href":"https:\/\/delucine.com\/un-autre-monde\/wp-json\/wp\/v2\/comments?post=887"}],"version-history":[{"count":3,"href":"https:\/\/delucine.com\/un-autre-monde\/wp-json\/wp\/v2\/pages\/887\/revisions"}],"predecessor-version":[{"id":12846,"href":"https:\/\/delucine.com\/un-autre-monde\/wp-json\/wp\/v2\/pages\/887\/revisions\/12846"}],"wp:attachment":[{"href":"https:\/\/delucine.com\/un-autre-monde\/wp-json\/wp\/v2\/media?parent=887"}],"curies":[{"name":"wp","href":"https:\/\/api.w.org\/{rel}","templated":true}]}}