{"id":71,"date":"2012-05-31T12:15:53","date_gmt":"2012-05-31T12:15:53","guid":{"rendered":"http:\/\/quanticalabs.com\/wp_themes\/nostalgia\/?page_id=71"},"modified":"2023-08-25T13:26:05","modified_gmt":"2023-08-25T13:26:05","slug":"contact","status":"publish","type":"page","link":"https:\/\/delucine.com\/un-autre-monde\/contact\/","title":{"rendered":"Contact"},"content":{"rendered":"\n<hr class=\"wp-block-separator has-css-opacity\"\/>\n\n\n\n<div style=\"height:45px\" aria-hidden=\"true\" class=\"wp-block-spacer\"><\/div>\n\n\n\n<h3 class=\"wp-block-heading has-white-background-color has-background\">N\u2019h\u00e9sitez pas \u00e0 me contacter pour un commentaire ou un renseignement particulier,<br>vous pouvez me laisser un message par mail.<\/h3>\n\n\n\n<h3 class=\"wp-block-heading has-white-background-color has-background\">Vous voulez plus d&#8217;informations sur mes photographies.<br>Vous \u00eates int\u00e9ress\u00e9 par un tirage Fine Art ou souhaitez simplement obtenir.<br>Veuillez m&#8217;envoyer un e-mail, vous pouvez me contacter.<\/h3>\n\n\n\n<h3 class=\"wp-block-heading has-background\" style=\"background-color:#ffffff\"><strong>Photographie: <a href=\"mailto:contact@delucine.com\">contact@delucine.com<\/a><\/strong><\/h3>\n\n\n\n<p><\/p>\n\n\n\n<div class=\"wp-block-columns has-2-columns is-layout-flex wp-container-core-columns-is-layout-9d6595d7 wp-block-columns-is-layout-flex\">\n<div class=\"wp-block-column is-layout-flow wp-block-column-is-layout-flow\">\n<h3 class=\"wp-block-heading has-background\" style=\"background-color:#ffffff\"><strong>GSM Belgique : 0498 76 40 90<\/strong><\/h3>\n\n\n\n<h3 class=\"wp-block-heading has-background\" style=\"background-color:#ffffff\"><strong><strong>T\u00e9l\u00e9phone France : 06 22 05 80 91<\/strong><\/strong><\/h3>\n\n\n\n<p><\/p>\n<\/div>\n\n\n\n<div class=\"wp-block-column is-layout-flow wp-block-column-is-layout-flow\">\n<figure class=\"wp-block-image size-full is-resized\"><img data-recalc-dims=\"1\" decoding=\"async\" src=\"https:\/\/i0.wp.com\/delucine.com\/un-autre-monde\/wp-content\/uploads\/2023\/02\/delucine-hibou-contact.png?resize=115%2C158&#038;ssl=1\" alt=\"\" class=\"wp-image-14277\" style=\"width:115px;height:158px\" width=\"115\" height=\"158\" srcset=\"https:\/\/i0.wp.com\/delucine.com\/un-autre-monde\/wp-content\/uploads\/2023\/02\/delucine-hibou-contact.png?w=230&amp;ssl=1 230w, https:\/\/i0.wp.com\/delucine.com\/un-autre-monde\/wp-content\/uploads\/2023\/02\/delucine-hibou-contact.png?resize=219%2C300&amp;ssl=1 219w\" sizes=\"(max-width: 115px) 100vw, 115px\" \/><\/figure>\n<\/div>\n<\/div>\n\n\n\n<h4 class=\"wp-block-heading has-background\" style=\"background-color:#ffffff\">Graphisme et site internet: <a href=\"mailto:karl@karlxena.com\">karl@karlxena.com<\/a><br><a rel=\"noreferrer noopener\" href=\"http:\/\/www.karlxena.com\/\" target=\"_blank\">www.karlxena.com<\/a><\/h4>\n\n\n\n<div style=\"height:45px\" aria-hidden=\"true\" class=\"wp-block-spacer\"><\/div>\n\n\n\n<hr class=\"wp-block-separator has-css-opacity\"\/>\n\n\n\n<div style=\"height:45px\" aria-hidden=\"true\" class=\"wp-block-spacer\"><\/div>\n\n\n\n<p class=\"has-white-background-color has-background\">Pour \u00eatre tenus inform\u00e9s de mes futures actualit\u00e9s, je vous invite \u00e0 vous abonner \u00e0 ma page Facebook: <a href=\"https:\/\/www.facebook.com\/delucine\" target=\"_blank\" rel=\"noreferrer noopener\">https:\/\/www.facebook.com\/delucine<\/a><\/p>\n\n\n\n<p class=\"has-white-background-color has-background\">Toutes les images visibles (et bien d\u2019autres encore)&nbsp;sur ce site peuvent \u00eatre obtenus en diff\u00e9rentes tailles et finitions.<br>A noter qu\u2019il est possible d\u2019obtenir un tirage de n\u2019importe quelle photo pr\u00e9sente dans mon portfolio ou sur mes r\u00e9seaux sociaux !<br>Merci de m\u2019envoyer un message m\u2019indiquant l\u2019image qui vous int\u00e9resse.<br>Les tirages sont r\u00e9alis\u00e9s par un imprimeur professionnel aux dimensions et supports de votre choix.<\/p>\n\n\n\n<p class=\"has-white-background-color has-background\">J\u2019esp\u00e8re que vous trouverez un produit qui vous plaira et vous remercie d\u2019avance pour votre commande.<\/p>\n","protected":false},"excerpt":{"rendered":"<p>N\u2019h\u00e9sitez pas \u00e0 me contacter pour un commentaire ou un renseignement particulier,vous pouvez me laisser un message par mail. Vous voulez plus d&#8217;informations sur mes photographies.Vous \u00eates int\u00e9ress\u00e9 par un tirage Fine Art ou souhaitez simplement obtenir.Veuillez m&#8217;envoyer un e-mail, vous pouvez me contacter. Photographie: contact@delucine.com GSM Belgique : 0498 76 40 90 T\u00e9l\u00e9phone France [&hellip;]<\/p>\n","protected":false},"author":1,"featured_media":0,"parent":0,"menu_order":69,"comment_status":"closed","ping_status":"closed","template":"","meta":{"footnotes":""},"class_list":["post-71","page","type-page","status-publish","hentry"],"jetpack_sharing_enabled":true,"_links":{"self":[{"href":"https:\/\/delucine.com\/un-autre-monde\/wp-json\/wp\/v2\/pages\/71","targetHints":{"allow":["GET"]}}],"collection":[{"href":"https:\/\/delucine.com\/un-autre-monde\/wp-json\/wp\/v2\/pages"}],"about":[{"href":"https:\/\/delucine.com\/un-autre-monde\/wp-json\/wp\/v2\/types\/page"}],"author":[{"embeddable":true,"href":"https:\/\/delucine.com\/un-autre-monde\/wp-json\/wp\/v2\/users\/1"}],"replies":[{"embeddable":true,"href":"https:\/\/delucine.com\/un-autre-monde\/wp-json\/wp\/v2\/comments?post=71"}],"version-history":[{"count":3,"href":"https:\/\/delucine.com\/un-autre-monde\/wp-json\/wp\/v2\/pages\/71\/revisions"}],"predecessor-version":[{"id":14799,"href":"https:\/\/delucine.com\/un-autre-monde\/wp-json\/wp\/v2\/pages\/71\/revisions\/14799"}],"wp:attachment":[{"href":"https:\/\/delucine.com\/un-autre-monde\/wp-json\/wp\/v2\/media?parent=71"}],"curies":[{"name":"wp","href":"https:\/\/api.w.org\/{rel}","templated":true}]}}