{"id":4063,"date":"2015-01-18T20:32:47","date_gmt":"2015-01-18T20:32:47","guid":{"rendered":"http:\/\/delucine.com\/un-autre-monde\/?page_id=4063"},"modified":"2024-11-02T20:24:44","modified_gmt":"2024-11-02T20:24:44","slug":"edition","status":"publish","type":"page","link":"https:\/\/delucine.com\/un-autre-monde\/edition\/","title":{"rendered":"Edition"},"content":{"rendered":"\n<hr class=\"wp-block-separator has-css-opacity\"\/>\n\n\n\n<div style=\"height:45px\" aria-hidden=\"true\" class=\"wp-block-spacer\"><\/div>\n\n\n<h1 style=\"text-align: center;\"><strong>D\u00e9lucine Iconographie<\/strong><\/h1>\n\n\n<div style=\"height:45px\" aria-hidden=\"true\" class=\"wp-block-spacer\"><\/div>\n\n\n\n<hr class=\"wp-block-separator has-css-opacity\"\/>\n\n\n\n<div style=\"height:45px\" aria-hidden=\"true\" class=\"wp-block-spacer\"><\/div>\n\n\n\n<h2 class=\"wp-block-heading has-text-align-center has-small-font-size\"><strong>Vous souhaitez communiquer, n&#8217;h\u00e9sitez pas \u00e0 me contacter pour obtenir un devis.<br>Je peux vous accompagner \u00e0 toutes les \u00e9tapes de votre projet !<\/strong><\/h2>\n\n\n<figure class=\"wp-block-pullquote\">\n<blockquote>\n<h4 style=\"text-align: center;\"><a href=\"http:\/\/delucine.com\/iconographie\/\" target=\"_blank\" rel=\"noopener noreferrer\">Banque d\u2019images naturalistes<\/a> (une collection riche et diversifi\u00e9e)<br \/>en ligne avec plus de <strong>15900 photographies<\/strong><\/h4>\n<\/blockquote>\n<\/figure>\n\n<div class=\"wp-block-image\">\n<figure class=\"aligncenter size-large\"><img data-recalc-dims=\"1\" fetchpriority=\"high\" decoding=\"async\" width=\"862.5\" height=\"679\" src=\"https:\/\/i0.wp.com\/delucine.com\/un-autre-monde\/wp-content\/uploads\/2015\/01\/delucine-iconographie.png?resize=862.5%2C679&#038;ssl=1\" alt=\"\" class=\"wp-image-8613\" srcset=\"https:\/\/i0.wp.com\/delucine.com\/un-autre-monde\/wp-content\/uploads\/2015\/01\/delucine-iconographie.png?resize=1024%2C806&amp;ssl=1 1024w, https:\/\/i0.wp.com\/delucine.com\/un-autre-monde\/wp-content\/uploads\/2015\/01\/delucine-iconographie.png?resize=300%2C236&amp;ssl=1 300w, https:\/\/i0.wp.com\/delucine.com\/un-autre-monde\/wp-content\/uploads\/2015\/01\/delucine-iconographie.png?resize=768%2C605&amp;ssl=1 768w, https:\/\/i0.wp.com\/delucine.com\/un-autre-monde\/wp-content\/uploads\/2015\/01\/delucine-iconographie.png?resize=400%2C315&amp;ssl=1 400w, https:\/\/i0.wp.com\/delucine.com\/un-autre-monde\/wp-content\/uploads\/2015\/01\/delucine-iconographie.png?resize=550%2C433&amp;ssl=1 550w, https:\/\/i0.wp.com\/delucine.com\/un-autre-monde\/wp-content\/uploads\/2015\/01\/delucine-iconographie.png?resize=800%2C630&amp;ssl=1 800w, https:\/\/i0.wp.com\/delucine.com\/un-autre-monde\/wp-content\/uploads\/2015\/01\/delucine-iconographie.png?w=1200&amp;ssl=1 1200w\" sizes=\"(max-width: 862px) 100vw, 862px\" \/><\/figure>\n<\/div>\n\n\n<div style=\"height:45px\" aria-hidden=\"true\" class=\"wp-block-spacer\"><\/div>\n\n\n\n<p class=\"has-text-align-center\">Elle est destin\u00e9e aux associations, aux organisations de protection de la nature et de l\u2019environnement<br>et aussi aux professionnels de l\u2019image: presse, \u00e9dition, t\u00e9l\u00e9vision, web, agences de communication&#8230;<\/p>\n\n\n\n<div style=\"height:45px\" aria-hidden=\"true\" class=\"wp-block-spacer\"><\/div>\n\n\n\n<hr class=\"wp-block-separator has-css-opacity\"\/>\n\n\n\n<div style=\"height:45px\" aria-hidden=\"true\" class=\"wp-block-spacer\"><\/div>\n\n\n\n<div class=\"wp-block-group\"><div class=\"wp-block-group__inner-container is-layout-flow wp-block-group-is-layout-flow\">\n<ul class=\"wp-block-list\">\n<li>Cession de droits de reproduction pour l\u2019ensemble de vos besoins (presse, sites web, support de communication\u2026).<\/li>\n\n\n\n<li>Presse, \u00e9dition, publicit\u00e9, sites internet: avec des tarifs adapt\u00e9s \u00e0 votre usage et d\u00e9finis selon vos crit\u00e8res.<\/li>\n\n\n\n<li>Associations de protection de la nature: nous contacter pour des tarifications sp\u00e9ciales.<\/li>\n<\/ul>\n\n\n\n<p>Possibilit\u00e9 de r\u00e9alisations graphiques :<\/p>\n\n\n\n<ul class=\"wp-block-list\">\n<li>Cr\u00e9ation et mise en page de tous vos documents de communication : affiches, plaquettes, carte de v\u0153ux\u2026<\/li>\n\n\n\n<li>Cr\u00e9ation de sites Internet associatifs ou personnels optimis\u00e9s pour un bon r\u00e9f\u00e9rencement et une mise \u00e0 jour r\u00e9guli\u00e8re facile.<\/li>\n<\/ul>\n<\/div><\/div>\n\n\n\n<p>Les tarifs varient en fonction du support, du tirage et de la taille d\u2019utilisation.<br> Pr\u00e9cisez moi ces informations et <a href=\"http:\/\/delucine.com\/un-autre-monde\/contact\/\">contactez moi pour plus de d\u00e9tails<\/a>.&#8221;<\/p>\n\n\n\n<div style=\"height:45px\" aria-hidden=\"true\" class=\"wp-block-spacer\"><\/div>\n\n\n\n<hr class=\"wp-block-separator has-css-opacity\"\/>\n\n\n\n<div style=\"height:45px\" aria-hidden=\"true\" class=\"wp-block-spacer\"><\/div>\n\n\n\n<p>Exemple : <strong>Damier de la succise \u2013 Euphydryas aurinia<br><\/strong><em>Accueil \/ Albums \/ FAUNE \/ Insectes \/ L\u00e9pidopt\u00e8res &#8211; Papillons \/ Rhopaloc\u00e8res &#8211; Papillons de jour \/ Damier de la succise &#8211; Euphydryas aurinia<\/em><\/p>\n\n\n\n<div style=\"height:45px\" aria-hidden=\"true\" class=\"wp-block-spacer\"><\/div>\n\n\n\n<figure class=\"wp-block-gallery has-nested-images columns-2 is-cropped wp-block-gallery-1 is-layout-flex wp-block-gallery-is-layout-flex\">\n<figure class=\"wp-block-image size-large\"><img data-recalc-dims=\"1\" decoding=\"async\" width=\"862.5\" height=\"425\" data-id=\"13709\" src=\"https:\/\/i0.wp.com\/delucine.com\/un-autre-monde\/wp-content\/uploads\/2022\/05\/karl-gillebert-delucine-iconographie-Damier-de-la-succise-Euphydryas-aurinia.jpg?resize=862.5%2C425&#038;ssl=1\" alt=\"\" class=\"wp-image-13709\" srcset=\"https:\/\/i0.wp.com\/delucine.com\/un-autre-monde\/wp-content\/uploads\/2022\/05\/karl-gillebert-delucine-iconographie-Damier-de-la-succise-Euphydryas-aurinia.jpg?resize=1024%2C504&amp;ssl=1 1024w, https:\/\/i0.wp.com\/delucine.com\/un-autre-monde\/wp-content\/uploads\/2022\/05\/karl-gillebert-delucine-iconographie-Damier-de-la-succise-Euphydryas-aurinia.jpg?resize=300%2C148&amp;ssl=1 300w, https:\/\/i0.wp.com\/delucine.com\/un-autre-monde\/wp-content\/uploads\/2022\/05\/karl-gillebert-delucine-iconographie-Damier-de-la-succise-Euphydryas-aurinia.jpg?resize=768%2C378&amp;ssl=1 768w, https:\/\/i0.wp.com\/delucine.com\/un-autre-monde\/wp-content\/uploads\/2022\/05\/karl-gillebert-delucine-iconographie-Damier-de-la-succise-Euphydryas-aurinia.jpg?resize=1536%2C757&amp;ssl=1 1536w, https:\/\/i0.wp.com\/delucine.com\/un-autre-monde\/wp-content\/uploads\/2022\/05\/karl-gillebert-delucine-iconographie-Damier-de-la-succise-Euphydryas-aurinia.jpg?resize=1310%2C645&amp;ssl=1 1310w, https:\/\/i0.wp.com\/delucine.com\/un-autre-monde\/wp-content\/uploads\/2022\/05\/karl-gillebert-delucine-iconographie-Damier-de-la-succise-Euphydryas-aurinia.jpg?resize=800%2C394&amp;ssl=1 800w, https:\/\/i0.wp.com\/delucine.com\/un-autre-monde\/wp-content\/uploads\/2022\/05\/karl-gillebert-delucine-iconographie-Damier-de-la-succise-Euphydryas-aurinia.jpg?resize=400%2C197&amp;ssl=1 400w, https:\/\/i0.wp.com\/delucine.com\/un-autre-monde\/wp-content\/uploads\/2022\/05\/karl-gillebert-delucine-iconographie-Damier-de-la-succise-Euphydryas-aurinia.jpg?resize=550%2C271&amp;ssl=1 550w, https:\/\/i0.wp.com\/delucine.com\/un-autre-monde\/wp-content\/uploads\/2022\/05\/karl-gillebert-delucine-iconographie-Damier-de-la-succise-Euphydryas-aurinia.jpg?w=1898&amp;ssl=1 1898w, https:\/\/i0.wp.com\/delucine.com\/un-autre-monde\/wp-content\/uploads\/2022\/05\/karl-gillebert-delucine-iconographie-Damier-de-la-succise-Euphydryas-aurinia.jpg?w=1725&amp;ssl=1 1725w\" sizes=\"(max-width: 862px) 100vw, 862px\" \/><\/figure>\n\n\n\n<figure class=\"wp-block-image size-large\"><img data-recalc-dims=\"1\" decoding=\"async\" width=\"862.5\" height=\"420\" data-id=\"13708\" src=\"https:\/\/i0.wp.com\/delucine.com\/un-autre-monde\/wp-content\/uploads\/2022\/05\/karl-gillebert-delucine-iconographie-Damier-de-la-succise-Euphydryas-aurinia-dessus.jpg?resize=862.5%2C420&#038;ssl=1\" alt=\"\" class=\"wp-image-13708\" srcset=\"https:\/\/i0.wp.com\/delucine.com\/un-autre-monde\/wp-content\/uploads\/2022\/05\/karl-gillebert-delucine-iconographie-Damier-de-la-succise-Euphydryas-aurinia-dessus.jpg?resize=1024%2C499&amp;ssl=1 1024w, https:\/\/i0.wp.com\/delucine.com\/un-autre-monde\/wp-content\/uploads\/2022\/05\/karl-gillebert-delucine-iconographie-Damier-de-la-succise-Euphydryas-aurinia-dessus.jpg?resize=300%2C146&amp;ssl=1 300w, https:\/\/i0.wp.com\/delucine.com\/un-autre-monde\/wp-content\/uploads\/2022\/05\/karl-gillebert-delucine-iconographie-Damier-de-la-succise-Euphydryas-aurinia-dessus.jpg?resize=768%2C374&amp;ssl=1 768w, https:\/\/i0.wp.com\/delucine.com\/un-autre-monde\/wp-content\/uploads\/2022\/05\/karl-gillebert-delucine-iconographie-Damier-de-la-succise-Euphydryas-aurinia-dessus.jpg?resize=1536%2C748&amp;ssl=1 1536w, https:\/\/i0.wp.com\/delucine.com\/un-autre-monde\/wp-content\/uploads\/2022\/05\/karl-gillebert-delucine-iconographie-Damier-de-la-succise-Euphydryas-aurinia-dessus.jpg?resize=1310%2C638&amp;ssl=1 1310w, https:\/\/i0.wp.com\/delucine.com\/un-autre-monde\/wp-content\/uploads\/2022\/05\/karl-gillebert-delucine-iconographie-Damier-de-la-succise-Euphydryas-aurinia-dessus.jpg?resize=800%2C390&amp;ssl=1 800w, https:\/\/i0.wp.com\/delucine.com\/un-autre-monde\/wp-content\/uploads\/2022\/05\/karl-gillebert-delucine-iconographie-Damier-de-la-succise-Euphydryas-aurinia-dessus.jpg?resize=400%2C195&amp;ssl=1 400w, https:\/\/i0.wp.com\/delucine.com\/un-autre-monde\/wp-content\/uploads\/2022\/05\/karl-gillebert-delucine-iconographie-Damier-de-la-succise-Euphydryas-aurinia-dessus.jpg?resize=550%2C268&amp;ssl=1 550w, https:\/\/i0.wp.com\/delucine.com\/un-autre-monde\/wp-content\/uploads\/2022\/05\/karl-gillebert-delucine-iconographie-Damier-de-la-succise-Euphydryas-aurinia-dessus.jpg?w=1916&amp;ssl=1 1916w, https:\/\/i0.wp.com\/delucine.com\/un-autre-monde\/wp-content\/uploads\/2022\/05\/karl-gillebert-delucine-iconographie-Damier-de-la-succise-Euphydryas-aurinia-dessus.jpg?w=1725&amp;ssl=1 1725w\" sizes=\"(max-width: 862px) 100vw, 862px\" \/><\/figure>\n\n\n\n<figure class=\"wp-block-image size-large\"><img data-recalc-dims=\"1\" loading=\"lazy\" decoding=\"async\" width=\"862.5\" height=\"417\" data-id=\"13705\" src=\"https:\/\/i0.wp.com\/delucine.com\/un-autre-monde\/wp-content\/uploads\/2022\/05\/karl-gillebert-delucine-iconographie-Damier-de-la-succise-Euphydryas-aurinia-dessous.jpg?resize=862.5%2C417&#038;ssl=1\" alt=\"\" class=\"wp-image-13705\" srcset=\"https:\/\/i0.wp.com\/delucine.com\/un-autre-monde\/wp-content\/uploads\/2022\/05\/karl-gillebert-delucine-iconographie-Damier-de-la-succise-Euphydryas-aurinia-dessous.jpg?resize=1024%2C495&amp;ssl=1 1024w, https:\/\/i0.wp.com\/delucine.com\/un-autre-monde\/wp-content\/uploads\/2022\/05\/karl-gillebert-delucine-iconographie-Damier-de-la-succise-Euphydryas-aurinia-dessous.jpg?resize=300%2C145&amp;ssl=1 300w, https:\/\/i0.wp.com\/delucine.com\/un-autre-monde\/wp-content\/uploads\/2022\/05\/karl-gillebert-delucine-iconographie-Damier-de-la-succise-Euphydryas-aurinia-dessous.jpg?resize=768%2C371&amp;ssl=1 768w, https:\/\/i0.wp.com\/delucine.com\/un-autre-monde\/wp-content\/uploads\/2022\/05\/karl-gillebert-delucine-iconographie-Damier-de-la-succise-Euphydryas-aurinia-dessous.jpg?resize=1536%2C742&amp;ssl=1 1536w, https:\/\/i0.wp.com\/delucine.com\/un-autre-monde\/wp-content\/uploads\/2022\/05\/karl-gillebert-delucine-iconographie-Damier-de-la-succise-Euphydryas-aurinia-dessous.jpg?resize=1310%2C633&amp;ssl=1 1310w, https:\/\/i0.wp.com\/delucine.com\/un-autre-monde\/wp-content\/uploads\/2022\/05\/karl-gillebert-delucine-iconographie-Damier-de-la-succise-Euphydryas-aurinia-dessous.jpg?resize=800%2C386&amp;ssl=1 800w, https:\/\/i0.wp.com\/delucine.com\/un-autre-monde\/wp-content\/uploads\/2022\/05\/karl-gillebert-delucine-iconographie-Damier-de-la-succise-Euphydryas-aurinia-dessous.jpg?resize=400%2C193&amp;ssl=1 400w, https:\/\/i0.wp.com\/delucine.com\/un-autre-monde\/wp-content\/uploads\/2022\/05\/karl-gillebert-delucine-iconographie-Damier-de-la-succise-Euphydryas-aurinia-dessous.jpg?resize=550%2C266&amp;ssl=1 550w, https:\/\/i0.wp.com\/delucine.com\/un-autre-monde\/wp-content\/uploads\/2022\/05\/karl-gillebert-delucine-iconographie-Damier-de-la-succise-Euphydryas-aurinia-dessous.jpg?w=1915&amp;ssl=1 1915w, https:\/\/i0.wp.com\/delucine.com\/un-autre-monde\/wp-content\/uploads\/2022\/05\/karl-gillebert-delucine-iconographie-Damier-de-la-succise-Euphydryas-aurinia-dessous.jpg?w=1725&amp;ssl=1 1725w\" sizes=\"(max-width: 862px) 100vw, 862px\" \/><\/figure>\n\n\n\n<figure class=\"wp-block-image size-large\"><img data-recalc-dims=\"1\" loading=\"lazy\" decoding=\"async\" width=\"862.5\" height=\"420\" data-id=\"13706\" src=\"https:\/\/i0.wp.com\/delucine.com\/un-autre-monde\/wp-content\/uploads\/2022\/05\/karl-gillebert-delucine-iconographie-Damier-de-la-succise-Euphydryas-aurinia-gros-plan-tete.jpg?resize=862.5%2C420&#038;ssl=1\" alt=\"\" class=\"wp-image-13706\" srcset=\"https:\/\/i0.wp.com\/delucine.com\/un-autre-monde\/wp-content\/uploads\/2022\/05\/karl-gillebert-delucine-iconographie-Damier-de-la-succise-Euphydryas-aurinia-gros-plan-tete.jpg?resize=1024%2C499&amp;ssl=1 1024w, https:\/\/i0.wp.com\/delucine.com\/un-autre-monde\/wp-content\/uploads\/2022\/05\/karl-gillebert-delucine-iconographie-Damier-de-la-succise-Euphydryas-aurinia-gros-plan-tete.jpg?resize=300%2C146&amp;ssl=1 300w, https:\/\/i0.wp.com\/delucine.com\/un-autre-monde\/wp-content\/uploads\/2022\/05\/karl-gillebert-delucine-iconographie-Damier-de-la-succise-Euphydryas-aurinia-gros-plan-tete.jpg?resize=768%2C374&amp;ssl=1 768w, https:\/\/i0.wp.com\/delucine.com\/un-autre-monde\/wp-content\/uploads\/2022\/05\/karl-gillebert-delucine-iconographie-Damier-de-la-succise-Euphydryas-aurinia-gros-plan-tete.jpg?resize=1536%2C748&amp;ssl=1 1536w, https:\/\/i0.wp.com\/delucine.com\/un-autre-monde\/wp-content\/uploads\/2022\/05\/karl-gillebert-delucine-iconographie-Damier-de-la-succise-Euphydryas-aurinia-gros-plan-tete.jpg?resize=1310%2C638&amp;ssl=1 1310w, https:\/\/i0.wp.com\/delucine.com\/un-autre-monde\/wp-content\/uploads\/2022\/05\/karl-gillebert-delucine-iconographie-Damier-de-la-succise-Euphydryas-aurinia-gros-plan-tete.jpg?resize=800%2C390&amp;ssl=1 800w, https:\/\/i0.wp.com\/delucine.com\/un-autre-monde\/wp-content\/uploads\/2022\/05\/karl-gillebert-delucine-iconographie-Damier-de-la-succise-Euphydryas-aurinia-gros-plan-tete.jpg?resize=400%2C195&amp;ssl=1 400w, https:\/\/i0.wp.com\/delucine.com\/un-autre-monde\/wp-content\/uploads\/2022\/05\/karl-gillebert-delucine-iconographie-Damier-de-la-succise-Euphydryas-aurinia-gros-plan-tete.jpg?resize=550%2C268&amp;ssl=1 550w, https:\/\/i0.wp.com\/delucine.com\/un-autre-monde\/wp-content\/uploads\/2022\/05\/karl-gillebert-delucine-iconographie-Damier-de-la-succise-Euphydryas-aurinia-gros-plan-tete.jpg?w=1915&amp;ssl=1 1915w, https:\/\/i0.wp.com\/delucine.com\/un-autre-monde\/wp-content\/uploads\/2022\/05\/karl-gillebert-delucine-iconographie-Damier-de-la-succise-Euphydryas-aurinia-gros-plan-tete.jpg?w=1725&amp;ssl=1 1725w\" sizes=\"(max-width: 862px) 100vw, 862px\" \/><\/figure>\n\n\n\n<figure class=\"wp-block-image size-large\"><img data-recalc-dims=\"1\" loading=\"lazy\" decoding=\"async\" width=\"862.5\" height=\"425\" data-id=\"13707\" src=\"https:\/\/i0.wp.com\/delucine.com\/un-autre-monde\/wp-content\/uploads\/2022\/05\/karl-gillebert-delucine-iconographie-Damier-de-la-succise-Euphydryas-aurinia-chrysalide.jpg?resize=862.5%2C425&#038;ssl=1\" alt=\"\" class=\"wp-image-13707\" srcset=\"https:\/\/i0.wp.com\/delucine.com\/un-autre-monde\/wp-content\/uploads\/2022\/05\/karl-gillebert-delucine-iconographie-Damier-de-la-succise-Euphydryas-aurinia-chrysalide.jpg?resize=1024%2C504&amp;ssl=1 1024w, https:\/\/i0.wp.com\/delucine.com\/un-autre-monde\/wp-content\/uploads\/2022\/05\/karl-gillebert-delucine-iconographie-Damier-de-la-succise-Euphydryas-aurinia-chrysalide.jpg?resize=300%2C148&amp;ssl=1 300w, https:\/\/i0.wp.com\/delucine.com\/un-autre-monde\/wp-content\/uploads\/2022\/05\/karl-gillebert-delucine-iconographie-Damier-de-la-succise-Euphydryas-aurinia-chrysalide.jpg?resize=768%2C378&amp;ssl=1 768w, https:\/\/i0.wp.com\/delucine.com\/un-autre-monde\/wp-content\/uploads\/2022\/05\/karl-gillebert-delucine-iconographie-Damier-de-la-succise-Euphydryas-aurinia-chrysalide.jpg?resize=1536%2C756&amp;ssl=1 1536w, https:\/\/i0.wp.com\/delucine.com\/un-autre-monde\/wp-content\/uploads\/2022\/05\/karl-gillebert-delucine-iconographie-Damier-de-la-succise-Euphydryas-aurinia-chrysalide.jpg?resize=1310%2C645&amp;ssl=1 1310w, https:\/\/i0.wp.com\/delucine.com\/un-autre-monde\/wp-content\/uploads\/2022\/05\/karl-gillebert-delucine-iconographie-Damier-de-la-succise-Euphydryas-aurinia-chrysalide.jpg?resize=800%2C394&amp;ssl=1 800w, https:\/\/i0.wp.com\/delucine.com\/un-autre-monde\/wp-content\/uploads\/2022\/05\/karl-gillebert-delucine-iconographie-Damier-de-la-succise-Euphydryas-aurinia-chrysalide.jpg?resize=400%2C197&amp;ssl=1 400w, https:\/\/i0.wp.com\/delucine.com\/un-autre-monde\/wp-content\/uploads\/2022\/05\/karl-gillebert-delucine-iconographie-Damier-de-la-succise-Euphydryas-aurinia-chrysalide.jpg?resize=550%2C271&amp;ssl=1 550w, https:\/\/i0.wp.com\/delucine.com\/un-autre-monde\/wp-content\/uploads\/2022\/05\/karl-gillebert-delucine-iconographie-Damier-de-la-succise-Euphydryas-aurinia-chrysalide.jpg?w=1888&amp;ssl=1 1888w, https:\/\/i0.wp.com\/delucine.com\/un-autre-monde\/wp-content\/uploads\/2022\/05\/karl-gillebert-delucine-iconographie-Damier-de-la-succise-Euphydryas-aurinia-chrysalide.jpg?w=1725&amp;ssl=1 1725w\" sizes=\"(max-width: 862px) 100vw, 862px\" \/><\/figure>\n\n\n\n<figure class=\"wp-block-image size-large\"><img data-recalc-dims=\"1\" loading=\"lazy\" decoding=\"async\" width=\"862.5\" height=\"422\" data-id=\"13704\" src=\"https:\/\/i0.wp.com\/delucine.com\/un-autre-monde\/wp-content\/uploads\/2022\/05\/karl-gillebert-delucine-iconographie-Damier-de-la-succise-Euphydryas-aurinia-chenille.jpg?resize=862.5%2C422&#038;ssl=1\" alt=\"\" class=\"wp-image-13704\" srcset=\"https:\/\/i0.wp.com\/delucine.com\/un-autre-monde\/wp-content\/uploads\/2022\/05\/karl-gillebert-delucine-iconographie-Damier-de-la-succise-Euphydryas-aurinia-chenille.jpg?resize=1024%2C501&amp;ssl=1 1024w, https:\/\/i0.wp.com\/delucine.com\/un-autre-monde\/wp-content\/uploads\/2022\/05\/karl-gillebert-delucine-iconographie-Damier-de-la-succise-Euphydryas-aurinia-chenille.jpg?resize=300%2C147&amp;ssl=1 300w, https:\/\/i0.wp.com\/delucine.com\/un-autre-monde\/wp-content\/uploads\/2022\/05\/karl-gillebert-delucine-iconographie-Damier-de-la-succise-Euphydryas-aurinia-chenille.jpg?resize=768%2C376&amp;ssl=1 768w, https:\/\/i0.wp.com\/delucine.com\/un-autre-monde\/wp-content\/uploads\/2022\/05\/karl-gillebert-delucine-iconographie-Damier-de-la-succise-Euphydryas-aurinia-chenille.jpg?resize=1536%2C752&amp;ssl=1 1536w, https:\/\/i0.wp.com\/delucine.com\/un-autre-monde\/wp-content\/uploads\/2022\/05\/karl-gillebert-delucine-iconographie-Damier-de-la-succise-Euphydryas-aurinia-chenille.jpg?resize=1310%2C641&amp;ssl=1 1310w, https:\/\/i0.wp.com\/delucine.com\/un-autre-monde\/wp-content\/uploads\/2022\/05\/karl-gillebert-delucine-iconographie-Damier-de-la-succise-Euphydryas-aurinia-chenille.jpg?resize=800%2C392&amp;ssl=1 800w, https:\/\/i0.wp.com\/delucine.com\/un-autre-monde\/wp-content\/uploads\/2022\/05\/karl-gillebert-delucine-iconographie-Damier-de-la-succise-Euphydryas-aurinia-chenille.jpg?resize=400%2C196&amp;ssl=1 400w, https:\/\/i0.wp.com\/delucine.com\/un-autre-monde\/wp-content\/uploads\/2022\/05\/karl-gillebert-delucine-iconographie-Damier-de-la-succise-Euphydryas-aurinia-chenille.jpg?resize=550%2C269&amp;ssl=1 550w, https:\/\/i0.wp.com\/delucine.com\/un-autre-monde\/wp-content\/uploads\/2022\/05\/karl-gillebert-delucine-iconographie-Damier-de-la-succise-Euphydryas-aurinia-chenille.jpg?w=1894&amp;ssl=1 1894w, https:\/\/i0.wp.com\/delucine.com\/un-autre-monde\/wp-content\/uploads\/2022\/05\/karl-gillebert-delucine-iconographie-Damier-de-la-succise-Euphydryas-aurinia-chenille.jpg?w=1725&amp;ssl=1 1725w\" sizes=\"(max-width: 862px) 100vw, 862px\" \/><\/figure>\n<\/figure>\n","protected":false},"excerpt":{"rendered":"<p>D\u00e9lucine Iconographie Vous souhaitez communiquer, n&#8217;h\u00e9sitez pas \u00e0 me contacter pour obtenir un devis.Je peux vous accompagner \u00e0 toutes les \u00e9tapes de votre projet ! Banque d\u2019images naturalistes (une collection riche et diversifi\u00e9e)en ligne avec plus de 15900 photographies Elle est destin\u00e9e aux associations, aux organisations de protection de la nature et de l\u2019environnementet aussi [&hellip;]<\/p>\n","protected":false},"author":1,"featured_media":0,"parent":0,"menu_order":0,"comment_status":"closed","ping_status":"closed","template":"","meta":{"footnotes":""},"class_list":["post-4063","page","type-page","status-publish","hentry"],"jetpack_sharing_enabled":true,"_links":{"self":[{"href":"https:\/\/delucine.com\/un-autre-monde\/wp-json\/wp\/v2\/pages\/4063","targetHints":{"allow":["GET"]}}],"collection":[{"href":"https:\/\/delucine.com\/un-autre-monde\/wp-json\/wp\/v2\/pages"}],"about":[{"href":"https:\/\/delucine.com\/un-autre-monde\/wp-json\/wp\/v2\/types\/page"}],"author":[{"embeddable":true,"href":"https:\/\/delucine.com\/un-autre-monde\/wp-json\/wp\/v2\/users\/1"}],"replies":[{"embeddable":true,"href":"https:\/\/delucine.com\/un-autre-monde\/wp-json\/wp\/v2\/comments?post=4063"}],"version-history":[{"count":15,"href":"https:\/\/delucine.com\/un-autre-monde\/wp-json\/wp\/v2\/pages\/4063\/revisions"}],"predecessor-version":[{"id":15116,"href":"https:\/\/delucine.com\/un-autre-monde\/wp-json\/wp\/v2\/pages\/4063\/revisions\/15116"}],"wp:attachment":[{"href":"https:\/\/delucine.com\/un-autre-monde\/wp-json\/wp\/v2\/media?parent=4063"}],"curies":[{"name":"wp","href":"https:\/\/api.w.org\/{rel}","templated":true}]}}