{"id":2925,"date":"2014-10-26T19:52:35","date_gmt":"2014-10-26T19:52:35","guid":{"rendered":"http:\/\/delucine.com\/un-autre-monde\/?page_id=2925"},"modified":"2015-10-07T19:03:45","modified_gmt":"2015-10-07T19:03:45","slug":"exposition-la-delucine-enchante-2012","status":"publish","type":"page","link":"https:\/\/delucine.com\/un-autre-monde\/exposition-la-delucine-enchante-2012\/","title":{"rendered":"Exposition &#8221; La D\u00e9lucine Enchant\u00e9 &#8221; 2012"},"content":{"rendered":"<p>Du 2 mai au 23 juin 2012 &#8211;\u00a0M\u00e9diath\u00e8que d\u2019Arques &#8211;\u00a0Avenue L\u00e9on Blum 62510 Arques.<\/p>\n<p><img data-recalc-dims=\"1\" fetchpriority=\"high\" decoding=\"async\" class=\"alignnone wp-image-2392\" src=\"https:\/\/i0.wp.com\/delucine.com\/un-autre-monde\/wp-content\/uploads\/2012\/04\/delucine-exposition-11.jpg?resize=600%2C400\" alt=\"D\u00e9lucine exposition la D\u00e9lucine enchant\u00e9e\" width=\"600\" height=\"400\" data-id=\"2392\" srcset=\"https:\/\/i0.wp.com\/delucine.com\/un-autre-monde\/wp-content\/uploads\/2012\/04\/delucine-exposition-11.jpg?w=768&amp;ssl=1 768w, https:\/\/i0.wp.com\/delucine.com\/un-autre-monde\/wp-content\/uploads\/2012\/04\/delucine-exposition-11.jpg?resize=300%2C200&amp;ssl=1 300w\" sizes=\"(max-width: 600px) 100vw, 600px\" \/><\/p>\n<p>Plus d&#8217;images, cliquez sur le bandeau ci-dessous<\/p>\n\n\t\t\t<!-- START Exposition \\\\\\\\ REVOLUTION SLIDER 6.6.8 --><p class=\"rs-p-wp-fix\"><\/p>\n\t\t\t<rs-module-wrap id=\"rev_slider_1_1_wrapper\" data-source=\"gallery\" style=\"visibility:hidden;background:transparent;padding:0;margin:0px auto;margin-top:0;margin-bottom:0;\">\n\t\t\t\t<rs-module id=\"rev_slider_1_1\" style=\"\" data-version=\"6.6.8\">\n\t\t\t\t\t<rs-slides style=\"overflow: hidden; position: absolute;\">\n\t\t\t\t\t\t<rs-slide style=\"position: absolute;\" data-key=\"rs-5\" data-title=\"Slide\" data-thumb=\"\/\/delucine.com\/un-autre-monde\/wp-content\/uploads\/2012\/04\/delucine-exposition-5-100x50.jpg\" data-anim=\"adpr:false;\">\n\t\t\t\t\t\t\t<img data-recalc-dims=\"1\" decoding=\"async\" src=\"https:\/\/i0.wp.com\/delucine.com\/un-autre-monde\/wp-content\/plugins\/revslider\/public\/assets\/assets\/dummy.png?w=862\" alt=\"\" title=\"Exposition &#8221; La D\u00e9lucine Enchant\u00e9 &#8221; 2012\" class=\"rev-slidebg tp-rs-img rs-lazyload\" data-lazyload=\"\/\/delucine.com\/un-autre-monde\/wp-content\/uploads\/2012\/04\/delucine-exposition-5.jpg\" data-parallax=\"off\" data-no-retina>\n<!---->\t\t\t\t\t\t<\/rs-slide>\n\t\t\t\t\t\t<rs-slide style=\"position: absolute;\" data-key=\"rs-1\" data-title=\"Slide\" data-thumb=\"\/\/delucine.com\/un-autre-monde\/wp-content\/uploads\/2012\/04\/delucine-exposition-22-100x50.jpg\" data-anim=\"adpr:false;\">\n\t\t\t\t\t\t\t<img data-recalc-dims=\"1\" decoding=\"async\" src=\"https:\/\/i0.wp.com\/delucine.com\/un-autre-monde\/wp-content\/plugins\/revslider\/public\/assets\/assets\/dummy.png?w=862\" alt=\"\" title=\"Exposition &#8221; La D\u00e9lucine Enchant\u00e9 &#8221; 2012\" class=\"rev-slidebg tp-rs-img rs-lazyload\" data-lazyload=\"\/\/delucine.com\/un-autre-monde\/wp-content\/uploads\/2012\/04\/delucine-exposition-22.jpg\" data-parallax=\"off\" data-no-retina>\n<!---->\t\t\t\t\t\t<\/rs-slide>\n\t\t\t\t\t\t<rs-slide style=\"position: absolute;\" data-key=\"rs-3\" data-title=\"Slide\" data-thumb=\"\/\/delucine.com\/un-autre-monde\/wp-content\/uploads\/2012\/04\/delucine-exposition-4-100x50.jpg\" data-anim=\"adpr:false;\">\n\t\t\t\t\t\t\t<img data-recalc-dims=\"1\" decoding=\"async\" src=\"https:\/\/i0.wp.com\/delucine.com\/un-autre-monde\/wp-content\/plugins\/revslider\/public\/assets\/assets\/dummy.png?w=862\" alt=\"\" title=\"Exposition &#8221; La D\u00e9lucine Enchant\u00e9 &#8221; 2012\" class=\"rev-slidebg tp-rs-img rs-lazyload\" data-lazyload=\"\/\/delucine.com\/un-autre-monde\/wp-content\/uploads\/2012\/04\/delucine-exposition-4.jpg\" data-parallax=\"off\" data-no-retina>\n<!---->\t\t\t\t\t\t<\/rs-slide>\n\t\t\t\t\t\t<rs-slide style=\"position: absolute;\" data-key=\"rs-4\" data-title=\"Slide\" data-thumb=\"\/\/delucine.com\/un-autre-monde\/wp-content\/uploads\/2012\/04\/delucine-exposition-5-100x50.jpg\" data-anim=\"adpr:false;\">\n\t\t\t\t\t\t\t<img data-recalc-dims=\"1\" decoding=\"async\" src=\"https:\/\/i0.wp.com\/delucine.com\/un-autre-monde\/wp-content\/plugins\/revslider\/public\/assets\/assets\/dummy.png?w=862\" alt=\"\" title=\"Exposition &#8221; La D\u00e9lucine Enchant\u00e9 &#8221; 2012\" class=\"rev-slidebg tp-rs-img rs-lazyload\" data-lazyload=\"\/\/delucine.com\/un-autre-monde\/wp-content\/uploads\/2012\/04\/delucine-exposition-5.jpg\" data-parallax=\"off\" data-no-retina>\n<!---->\t\t\t\t\t\t<\/rs-slide>\n\t\t\t\t\t\t<rs-slide style=\"position: absolute;\" data-key=\"rs-2\" data-title=\"Slide\" data-thumb=\"\/\/delucine.com\/un-autre-monde\/wp-content\/uploads\/2012\/04\/delucine-exposition-3-100x50.jpg\" data-anim=\"adpr:false;\">\n\t\t\t\t\t\t\t<img data-recalc-dims=\"1\" decoding=\"async\" src=\"https:\/\/i0.wp.com\/delucine.com\/un-autre-monde\/wp-content\/plugins\/revslider\/public\/assets\/assets\/dummy.png?w=862\" alt=\"\" title=\"Exposition &#8221; La D\u00e9lucine Enchant\u00e9 &#8221; 2012\" class=\"rev-slidebg tp-rs-img rs-lazyload\" data-lazyload=\"\/\/delucine.com\/un-autre-monde\/wp-content\/uploads\/2012\/04\/delucine-exposition-3.jpg\" data-parallax=\"off\" data-no-retina>\n<!---->\t\t\t\t\t\t<\/rs-slide>\n\t\t\t\t\t\t<rs-slide style=\"position: absolute;\" data-key=\"rs-6\" data-title=\"Slide\" data-thumb=\"\/\/delucine.com\/un-autre-monde\/wp-content\/uploads\/2012\/04\/delucine-exposition-6-100x50.jpg\" data-anim=\"adpr:false;\">\n\t\t\t\t\t\t\t<img data-recalc-dims=\"1\" decoding=\"async\" src=\"https:\/\/i0.wp.com\/delucine.com\/un-autre-monde\/wp-content\/plugins\/revslider\/public\/assets\/assets\/dummy.png?w=862\" alt=\"\" title=\"Exposition &#8221; La D\u00e9lucine Enchant\u00e9 &#8221; 2012\" class=\"rev-slidebg tp-rs-img rs-lazyload\" data-lazyload=\"\/\/delucine.com\/un-autre-monde\/wp-content\/uploads\/2012\/04\/delucine-exposition-6.jpg\" data-parallax=\"off\" data-no-retina>\n<!---->\t\t\t\t\t\t<\/rs-slide>\n\t\t\t\t\t<\/rs-slides>\n\t\t\t\t<\/rs-module>\n\t\t\t\t<script>\n\t\t\t\t\tsetREVStartSize({c: 'rev_slider_1_1',rl:[1240,1024,768,480],el:[],gw:[1000,1024,778,480],gh:[667,600,500,400],type:'standard',justify:'',layout:'fullwidth',mh:\"0\"});if (window.RS_MODULES!==undefined && window.RS_MODULES.modules!==undefined && window.RS_MODULES.modules[\"revslider11\"]!==undefined) {window.RS_MODULES.modules[\"revslider11\"].once = false;window.revapi1 = undefined;if (window.RS_MODULES.checkMinimal!==undefined) window.RS_MODULES.checkMinimal()}\n\t\t\t\t<\/script>\n\t\t\t<\/rs-module-wrap>\n\t\t\t<!-- END REVOLUTION SLIDER -->\n\n<p>&nbsp;<\/p>\n","protected":false},"excerpt":{"rendered":"<p>Du 2 mai au 23 juin 2012 &#8211;\u00a0M\u00e9diath\u00e8que d\u2019Arques &#8211;\u00a0Avenue L\u00e9on Blum 62510 Arques. Plus d&#8217;images, cliquez sur le bandeau ci-dessous &nbsp;<\/p>\n","protected":false},"author":1,"featured_media":0,"parent":0,"menu_order":51,"comment_status":"closed","ping_status":"closed","template":"","meta":{"footnotes":""},"class_list":["post-2925","page","type-page","status-publish","hentry"],"jetpack_sharing_enabled":true,"_links":{"self":[{"href":"https:\/\/delucine.com\/un-autre-monde\/wp-json\/wp\/v2\/pages\/2925","targetHints":{"allow":["GET"]}}],"collection":[{"href":"https:\/\/delucine.com\/un-autre-monde\/wp-json\/wp\/v2\/pages"}],"about":[{"href":"https:\/\/delucine.com\/un-autre-monde\/wp-json\/wp\/v2\/types\/page"}],"author":[{"embeddable":true,"href":"https:\/\/delucine.com\/un-autre-monde\/wp-json\/wp\/v2\/users\/1"}],"replies":[{"embeddable":true,"href":"https:\/\/delucine.com\/un-autre-monde\/wp-json\/wp\/v2\/comments?post=2925"}],"version-history":[{"count":6,"href":"https:\/\/delucine.com\/un-autre-monde\/wp-json\/wp\/v2\/pages\/2925\/revisions"}],"predecessor-version":[{"id":4659,"href":"https:\/\/delucine.com\/un-autre-monde\/wp-json\/wp\/v2\/pages\/2925\/revisions\/4659"}],"wp:attachment":[{"href":"https:\/\/delucine.com\/un-autre-monde\/wp-json\/wp\/v2\/media?parent=2925"}],"curies":[{"name":"wp","href":"https:\/\/api.w.org\/{rel}","templated":true}]}}