{"id":2878,"date":"2014-10-25T07:46:11","date_gmt":"2014-10-25T07:46:11","guid":{"rendered":"http:\/\/delucine.com\/un-autre-monde\/?page_id=2878"},"modified":"2014-10-26T13:24:47","modified_gmt":"2014-10-26T13:24:47","slug":"exposition-a-la-mediatheque-de-wormhout","status":"publish","type":"page","link":"https:\/\/delucine.com\/un-autre-monde\/exposition-a-la-mediatheque-de-wormhout\/","title":{"rendered":"Exposition \u00e0 la M\u00e9diath\u00e8que de Wormhout"},"content":{"rendered":"<h1>Exposition \u00e0 la &#8220;M\u00e9diath\u00e8que de Wormhout&#8221;<\/h1>\n<p>Exposition \u00e0 la M\u00e9diath\u00e8que de Wormhout\u00a0du 5 juillet\u00a0au 7 septembre 2014.<br \/>Article de la Voix du Nord <span style=\"color: #808080;\"><a style=\"color: #808080;\" href=\"http:\/\/www.lavoixdunord.fr\/region\/wormhout-deux-expositions-sur-la-nature-dans-tous-ses-ia17b47628n2263975\" target=\"_blank\">cliquez i\u00e7i<\/a><\/span><\/p>\n<p><img data-recalc-dims=\"1\" fetchpriority=\"high\" decoding=\"async\" class=\"alignnone wp-image-2434\" src=\"https:\/\/i0.wp.com\/delucine.com\/un-autre-monde\/wp-content\/uploads\/2014\/07\/delucine-expo-wormhout-5.jpg?resize=600%2C450\" alt=\"D\u00e9lucine exposition Wormhout\" width=\"600\" height=\"450\" data-id=\"2434\" srcset=\"https:\/\/i0.wp.com\/delucine.com\/un-autre-monde\/wp-content\/uploads\/2014\/07\/delucine-expo-wormhout-5.jpg?w=1200&amp;ssl=1 1200w, https:\/\/i0.wp.com\/delucine.com\/un-autre-monde\/wp-content\/uploads\/2014\/07\/delucine-expo-wormhout-5.jpg?resize=300%2C225&amp;ssl=1 300w, https:\/\/i0.wp.com\/delucine.com\/un-autre-monde\/wp-content\/uploads\/2014\/07\/delucine-expo-wormhout-5.jpg?resize=1024%2C768&amp;ssl=1 1024w\" sizes=\"(max-width: 600px) 100vw, 600px\" \/>\u00a0<img data-recalc-dims=\"1\" decoding=\"async\" class=\"alignnone wp-image-2438\" src=\"https:\/\/i0.wp.com\/delucine.com\/un-autre-monde\/wp-content\/uploads\/2014\/07\/delucine-expo-wormhout-4.jpg?resize=600%2C450\" alt=\"D\u00e9lucine exposition Wormhou\" width=\"600\" height=\"450\" data-id=\"2438\" srcset=\"https:\/\/i0.wp.com\/delucine.com\/un-autre-monde\/wp-content\/uploads\/2014\/07\/delucine-expo-wormhout-4.jpg?w=1200&amp;ssl=1 1200w, https:\/\/i0.wp.com\/delucine.com\/un-autre-monde\/wp-content\/uploads\/2014\/07\/delucine-expo-wormhout-4.jpg?resize=300%2C225&amp;ssl=1 300w, https:\/\/i0.wp.com\/delucine.com\/un-autre-monde\/wp-content\/uploads\/2014\/07\/delucine-expo-wormhout-4.jpg?resize=1024%2C768&amp;ssl=1 1024w\" sizes=\"(max-width: 600px) 100vw, 600px\" \/><\/p>\n","protected":false},"excerpt":{"rendered":"<p>Exposition \u00e0 la &#8220;M\u00e9diath\u00e8que de Wormhout&#8221; Exposition \u00e0 la M\u00e9diath\u00e8que de Wormhout\u00a0du 5 juillet\u00a0au 7 septembre 2014.Article de la Voix du Nord cliquez i\u00e7i \u00a0<\/p>\n","protected":false},"author":1,"featured_media":0,"parent":0,"menu_order":55,"comment_status":"closed","ping_status":"closed","template":"","meta":{"footnotes":""},"class_list":["post-2878","page","type-page","status-publish","hentry"],"jetpack_sharing_enabled":true,"_links":{"self":[{"href":"https:\/\/delucine.com\/un-autre-monde\/wp-json\/wp\/v2\/pages\/2878","targetHints":{"allow":["GET"]}}],"collection":[{"href":"https:\/\/delucine.com\/un-autre-monde\/wp-json\/wp\/v2\/pages"}],"about":[{"href":"https:\/\/delucine.com\/un-autre-monde\/wp-json\/wp\/v2\/types\/page"}],"author":[{"embeddable":true,"href":"https:\/\/delucine.com\/un-autre-monde\/wp-json\/wp\/v2\/users\/1"}],"replies":[{"embeddable":true,"href":"https:\/\/delucine.com\/un-autre-monde\/wp-json\/wp\/v2\/comments?post=2878"}],"version-history":[{"count":8,"href":"https:\/\/delucine.com\/un-autre-monde\/wp-json\/wp\/v2\/pages\/2878\/revisions"}],"predecessor-version":[{"id":2904,"href":"https:\/\/delucine.com\/un-autre-monde\/wp-json\/wp\/v2\/pages\/2878\/revisions\/2904"}],"wp:attachment":[{"href":"https:\/\/delucine.com\/un-autre-monde\/wp-json\/wp\/v2\/media?parent=2878"}],"curies":[{"name":"wp","href":"https:\/\/api.w.org\/{rel}","templated":true}]}}