{"id":2819,"date":"2014-10-24T11:49:58","date_gmt":"2014-10-24T11:49:58","guid":{"rendered":"http:\/\/delucine.com\/un-autre-monde\/?page_id=2819"},"modified":"2015-10-06T09:57:27","modified_gmt":"2015-10-06T09:57:27","slug":"feu-de-givre","status":"publish","type":"page","link":"https:\/\/delucine.com\/un-autre-monde\/feu-de-givre\/","title":{"rendered":"Feu de givre"},"content":{"rendered":"<p>[ezcol_2third]<img data-recalc-dims=\"1\" fetchpriority=\"high\" decoding=\"async\" class=\"alignleft wp-image-2475\" src=\"https:\/\/i0.wp.com\/delucine.com\/un-autre-monde\/wp-content\/uploads\/2014\/05\/delucine-delucine-feu-de-givre.jpg?resize=790%2C527\" alt=\"Feu de givre\" width=\"790\" height=\"527\" data-id=\"2475\" srcset=\"https:\/\/i0.wp.com\/delucine.com\/un-autre-monde\/wp-content\/uploads\/2014\/05\/delucine-delucine-feu-de-givre.jpg?w=1000&amp;ssl=1 1000w, https:\/\/i0.wp.com\/delucine.com\/un-autre-monde\/wp-content\/uploads\/2014\/05\/delucine-delucine-feu-de-givre.jpg?resize=300%2C200&amp;ssl=1 300w, https:\/\/i0.wp.com\/delucine.com\/un-autre-monde\/wp-content\/uploads\/2014\/05\/delucine-delucine-feu-de-givre.jpg?resize=400%2C267&amp;ssl=1 400w\" sizes=\"(max-width: 790px) 100vw, 790px\" \/>[\/ezcol_2third]<br \/>\n[ezcol_1third_end]<\/p>\n<p style=\"text-align: left;\"><strong>&#8211; Golden Turtle :\u00a0<\/strong>photographie s\u00e9lectionn\u00e9e 2014<\/p>\n<p style=\"text-align: left;\"><strong>&#8211; Festival de l&#8217;Oiseau et de la nature :\u00a0<\/strong>photographie s\u00e9lectionn\u00e9e 2014<\/p>\n<p style=\"text-align: left;\"><strong>&#8211; Festival de la photo animali\u00e8re &#8211; LPO Pas-de-Calais :\u00a0<\/strong>2<sup>\u00e8me<\/sup>\u00a0du concours 2013<\/p>\n<p>[\/ezcol_1third_end]<\/p>\n","protected":false},"excerpt":{"rendered":"<p>[ezcol_2third][\/ezcol_2third] [ezcol_1third_end] &#8211; Golden Turtle :\u00a0photographie s\u00e9lectionn\u00e9e 2014 &#8211; Festival de l&#8217;Oiseau et de la nature :\u00a0photographie s\u00e9lectionn\u00e9e 2014 &#8211; Festival de la photo animali\u00e8re &#8211; LPO Pas-de-Calais :\u00a02\u00e8me\u00a0du concours 2013 [\/ezcol_1third_end]<\/p>\n","protected":false},"author":1,"featured_media":0,"parent":0,"menu_order":59,"comment_status":"closed","ping_status":"closed","template":"","meta":{"footnotes":""},"class_list":["post-2819","page","type-page","status-publish","hentry"],"jetpack_sharing_enabled":true,"_links":{"self":[{"href":"https:\/\/delucine.com\/un-autre-monde\/wp-json\/wp\/v2\/pages\/2819","targetHints":{"allow":["GET"]}}],"collection":[{"href":"https:\/\/delucine.com\/un-autre-monde\/wp-json\/wp\/v2\/pages"}],"about":[{"href":"https:\/\/delucine.com\/un-autre-monde\/wp-json\/wp\/v2\/types\/page"}],"author":[{"embeddable":true,"href":"https:\/\/delucine.com\/un-autre-monde\/wp-json\/wp\/v2\/users\/1"}],"replies":[{"embeddable":true,"href":"https:\/\/delucine.com\/un-autre-monde\/wp-json\/wp\/v2\/comments?post=2819"}],"version-history":[{"count":9,"href":"https:\/\/delucine.com\/un-autre-monde\/wp-json\/wp\/v2\/pages\/2819\/revisions"}],"predecessor-version":[{"id":4630,"href":"https:\/\/delucine.com\/un-autre-monde\/wp-json\/wp\/v2\/pages\/2819\/revisions\/4630"}],"wp:attachment":[{"href":"https:\/\/delucine.com\/un-autre-monde\/wp-json\/wp\/v2\/media?parent=2819"}],"curies":[{"name":"wp","href":"https:\/\/api.w.org\/{rel}","templated":true}]}}