{"id":2339,"date":"2014-06-23T13:56:54","date_gmt":"2014-06-23T13:56:54","guid":{"rendered":"http:\/\/delucine.com\/un-autre-monde\/?page_id=2339"},"modified":"2014-10-29T13:11:31","modified_gmt":"2014-10-29T13:11:31","slug":"videos","status":"publish","type":"page","link":"https:\/\/delucine.com\/un-autre-monde\/videos\/","title":{"rendered":"Vid\u00e9os"},"content":{"rendered":"<h1>Vid\u00e9os<\/h1>\n<p>Pause d\u00e9jeuner pour la femelle Orth\u00e9trum r\u00e9ticul\u00e9 (Orthetrum cancellatum)<br \/><iframe src=\"\/\/player.vimeo.com\/video\/103317018\" width=\"500\" height=\"281\" frameborder=\"0\" allowfullscreen=\"allowfullscreen\"><\/iframe><\/p>\n<p>Ombre astrale<br \/><iframe src=\"\/\/player.vimeo.com\/video\/59689948\" width=\"500\" height=\"281\" frameborder=\"0\" allowfullscreen=\"allowfullscreen\"><\/iframe><\/p>\n<p>Pic \u00e9peiche (Dendrocopos major)<br \/><iframe src=\"\/\/player.vimeo.com\/video\/58929627\" width=\"500\" height=\"281\" frameborder=\"0\" allowfullscreen=\"allowfullscreen\"><\/iframe><\/p>\n<p>Pinson du Nord (Fringilla montifringilla)<br \/><iframe src=\"\/\/player.vimeo.com\/video\/59190839\" width=\"500\" height=\"281\" frameborder=\"0\" allowfullscreen=\"allowfullscreen\"><\/iframe><\/p>\n<p><span style=\"color: #000000;\">Cort\u00e8ge celtique<br \/><\/span><iframe src=\"\/\/player.vimeo.com\/video\/59678296\" width=\"500\" height=\"281\" frameborder=\"0\" allowfullscreen=\"allowfullscreen\"><\/iframe><\/p>\n<p><span style=\"color: #000000;\">Ballet de gu\u00eapes<br \/><\/span><iframe src=\"\/\/player.vimeo.com\/video\/58930525\" width=\"500\" height=\"281\" frameborder=\"0\" allowfullscreen=\"allowfullscreen\"><\/iframe><\/p>\n<hr \/>\n<p>\u00a0Milieu clos<\/p>\n<p>Couleurs de silence<br \/><iframe src=\"\/\/player.vimeo.com\/video\/58963562\" width=\"500\" height=\"281\" frameborder=\"0\" allowfullscreen=\"allowfullscreen\"><\/iframe><\/p>\n","protected":false},"excerpt":{"rendered":"<p>Vid\u00e9os Pause d\u00e9jeuner pour la femelle Orth\u00e9trum r\u00e9ticul\u00e9 (Orthetrum cancellatum) Ombre astrale Pic \u00e9peiche (Dendrocopos major) Pinson du Nord (Fringilla montifringilla) Cort\u00e8ge celtique Ballet de gu\u00eapes \u00a0Milieu clos Couleurs de silence<\/p>\n","protected":false},"author":1,"featured_media":0,"parent":0,"menu_order":65,"comment_status":"closed","ping_status":"closed","template":"","meta":{"footnotes":""},"class_list":["post-2339","page","type-page","status-publish","hentry"],"jetpack_sharing_enabled":true,"_links":{"self":[{"href":"https:\/\/delucine.com\/un-autre-monde\/wp-json\/wp\/v2\/pages\/2339","targetHints":{"allow":["GET"]}}],"collection":[{"href":"https:\/\/delucine.com\/un-autre-monde\/wp-json\/wp\/v2\/pages"}],"about":[{"href":"https:\/\/delucine.com\/un-autre-monde\/wp-json\/wp\/v2\/types\/page"}],"author":[{"embeddable":true,"href":"https:\/\/delucine.com\/un-autre-monde\/wp-json\/wp\/v2\/users\/1"}],"replies":[{"embeddable":true,"href":"https:\/\/delucine.com\/un-autre-monde\/wp-json\/wp\/v2\/comments?post=2339"}],"version-history":[{"count":10,"href":"https:\/\/delucine.com\/un-autre-monde\/wp-json\/wp\/v2\/pages\/2339\/revisions"}],"predecessor-version":[{"id":2923,"href":"https:\/\/delucine.com\/un-autre-monde\/wp-json\/wp\/v2\/pages\/2339\/revisions\/2923"}],"wp:attachment":[{"href":"https:\/\/delucine.com\/un-autre-monde\/wp-json\/wp\/v2\/media?parent=2339"}],"curies":[{"name":"wp","href":"https:\/\/api.w.org\/{rel}","templated":true}]}}